{"id":160,"date":"2024-04-28T19:12:05","date_gmt":"2024-04-28T17:12:05","guid":{"rendered":"https:\/\/54.38.190.219\/?page_id=160"},"modified":"2024-06-11T05:56:33","modified_gmt":"2024-06-11T03:56:33","slug":"boutique","status":"publish","type":"page","link":"https:\/\/lesexplorateurscatalans.fr\/index.php\/boutique\/","title":{"rendered":"Boutique"},"content":{"rendered":"\n<p><\/p>\n\n\n\n<div id=\"tunetooShop\"> <iframe loading=\"lazy\" width=\"100%\" height=\"1453\" src=\"https:\/\/lesexplorateurscatalans.tunetoo.com \" frameborder=\"0\"><\/iframe> <p align=\"center\" style=\"margin-bottom: 10px;\"> Boutique en ligne en partenariat avec tunetoo, cr\u00e9ateur de <a href=\"https:\/\/www.tunetoo.com\/t-shirt-brode-personnalise.php\" target=\"_blank\" rel=\"noopener\">Tee-shirts imprim\u00e9s <\/a>. <\/p><\/div><script> var btq_config={ btq: 'lesexplorateurscatalans ', content: '2875', version: 5};<\/script><script type=\"text\/javascript\" src=\"\/\/www.tunetoo.com\/boutique\/js\/iframe-45963 -btq.js\"><\/script>\n","protected":false},"excerpt":{"rendered":"<p>Boutique en ligne en partenariat avec tunetoo, cr\u00e9ateur de Tee-shirts imprim\u00e9s .<\/p>\n","protected":false},"author":1,"featured_media":457,"parent":0,"menu_order":0,"comment_status":"closed","ping_status":"closed","template":"","meta":{"tdm_status":"","tdm_grid_status":"","footnotes":""},"class_list":["post-160","page","type-page","status-publish","has-post-thumbnail"],"yoast_head":"<!-- This site is optimized with the Yoast SEO plugin v26.5 - https:\/\/yoast.com\/wordpress\/plugins\/seo\/ -->\n<title>Boutique - Les Explorateurs Catalans<\/title>\n<meta name=\"description\" content=\"D\u00e9couvrez la boutique en ligne des Explorateurs Catalans, offrant une vari\u00e9t\u00e9 d&#039;\u00e9quipements d&#039;aventure et de marchandises inspir\u00e9es par les voyages. Explorez notre s\u00e9lection de produits de haute qualit\u00e9 en partenariat avec Tunetoo, parfaits pour votre prochaine aventure. Achetez d\u00e8s maintenant des articles uniques qui alimentent votre soif de d\u00e9couverte.\" \/>\n<meta name=\"robots\" content=\"index, follow, max-snippet:-1, max-image-preview:large, max-video-preview:-1\" \/>\n<link rel=\"canonical\" href=\"https:\/\/lesexplorateurscatalans.fr\/index.php\/boutique\/\" \/>\n<meta property=\"og:locale\" content=\"fr_FR\" \/>\n<meta property=\"og:type\" content=\"article\" \/>\n<meta property=\"og:title\" content=\"Boutique - Les Explorateurs Catalans\" \/>\n<meta property=\"og:description\" content=\"D\u00e9couvrez la boutique en ligne des Explorateurs Catalans, offrant une vari\u00e9t\u00e9 d&#039;\u00e9quipements d&#039;aventure et de marchandises inspir\u00e9es par les voyages. Explorez notre s\u00e9lection de produits de haute qualit\u00e9 en partenariat avec Tunetoo, parfaits pour votre prochaine aventure. Achetez d\u00e8s maintenant des articles uniques qui alimentent votre soif de d\u00e9couverte.\" \/>\n<meta property=\"og:url\" content=\"https:\/\/lesexplorateurscatalans.fr\/index.php\/boutique\/\" \/>\n<meta property=\"og:site_name\" content=\"Les Explorateurs Catalans\" \/>\n<meta property=\"article:publisher\" content=\"https:\/\/www.facebook.com\/lesexplorateurscatalans\" \/>\n<meta property=\"article:modified_time\" content=\"2024-06-11T03:56:33+00:00\" \/>\n<meta property=\"og:image\" content=\"https:\/\/lesexplorateurscatalans.fr\/wp-content\/uploads\/2024\/05\/DALL_E-2024-02-19-13.15-removebg-preview.png\" \/>\n\t<meta property=\"og:image:width\" content=\"500\" \/>\n\t<meta property=\"og:image:height\" content=\"500\" \/>\n\t<meta property=\"og:image:type\" content=\"image\/png\" \/>\n<meta name=\"twitter:card\" content=\"summary_large_image\" \/>\n<meta name=\"twitter:label1\" content=\"Dur\u00e9e de lecture estim\u00e9e\" \/>\n\t<meta name=\"twitter:data1\" content=\"1 minute\" \/>\n<script type=\"application\/ld+json\" class=\"yoast-schema-graph\">{\"@context\":\"https:\/\/schema.org\",\"@graph\":[{\"@type\":\"WebPage\",\"@id\":\"https:\/\/lesexplorateurscatalans.fr\/index.php\/boutique\/\",\"url\":\"https:\/\/lesexplorateurscatalans.fr\/index.php\/boutique\/\",\"name\":\"Boutique - Les Explorateurs Catalans\",\"isPartOf\":{\"@id\":\"https:\/\/lesexplorateurscatalans.fr\/#website\"},\"primaryImageOfPage\":{\"@id\":\"https:\/\/lesexplorateurscatalans.fr\/index.php\/boutique\/#primaryimage\"},\"image\":{\"@id\":\"https:\/\/lesexplorateurscatalans.fr\/index.php\/boutique\/#primaryimage\"},\"thumbnailUrl\":\"https:\/\/lesexplorateurscatalans.fr\/wp-content\/uploads\/2024\/05\/DALL_E-2024-02-19-13.15-removebg-preview.png\",\"datePublished\":\"2024-04-28T17:12:05+00:00\",\"dateModified\":\"2024-06-11T03:56:33+00:00\",\"description\":\"D\u00e9couvrez la boutique en ligne des Explorateurs Catalans, offrant une vari\u00e9t\u00e9 d'\u00e9quipements d'aventure et de marchandises inspir\u00e9es par les voyages. Explorez notre s\u00e9lection de produits de haute qualit\u00e9 en partenariat avec Tunetoo, parfaits pour votre prochaine aventure. Achetez d\u00e8s maintenant des articles uniques qui alimentent votre soif de d\u00e9couverte.\",\"breadcrumb\":{\"@id\":\"https:\/\/lesexplorateurscatalans.fr\/index.php\/boutique\/#breadcrumb\"},\"inLanguage\":\"fr-FR\",\"potentialAction\":[{\"@type\":\"ReadAction\",\"target\":[\"https:\/\/lesexplorateurscatalans.fr\/index.php\/boutique\/\"]}]},{\"@type\":\"ImageObject\",\"inLanguage\":\"fr-FR\",\"@id\":\"https:\/\/lesexplorateurscatalans.fr\/index.php\/boutique\/#primaryimage\",\"url\":\"https:\/\/lesexplorateurscatalans.fr\/wp-content\/uploads\/2024\/05\/DALL_E-2024-02-19-13.15-removebg-preview.png\",\"contentUrl\":\"https:\/\/lesexplorateurscatalans.fr\/wp-content\/uploads\/2024\/05\/DALL_E-2024-02-19-13.15-removebg-preview.png\",\"width\":500,\"height\":500},{\"@type\":\"BreadcrumbList\",\"@id\":\"https:\/\/lesexplorateurscatalans.fr\/index.php\/boutique\/#breadcrumb\",\"itemListElement\":[{\"@type\":\"ListItem\",\"position\":1,\"name\":\"Accueil\",\"item\":\"https:\/\/lesexplorateurscatalans.fr\/\"},{\"@type\":\"ListItem\",\"position\":2,\"name\":\"Boutique\"}]},{\"@type\":\"WebSite\",\"@id\":\"https:\/\/lesexplorateurscatalans.fr\/#website\",\"url\":\"https:\/\/lesexplorateurscatalans.fr\/\",\"name\":\"Les Explorateurs Catalans\",\"description\":\"Les Explorateurs Catalans : Votre boussole pour l&#039;aventure.\",\"publisher\":{\"@id\":\"https:\/\/lesexplorateurscatalans.fr\/#organization\"},\"alternateName\":\"LEC\",\"potentialAction\":[{\"@type\":\"SearchAction\",\"target\":{\"@type\":\"EntryPoint\",\"urlTemplate\":\"https:\/\/lesexplorateurscatalans.fr\/?s={search_term_string}\"},\"query-input\":{\"@type\":\"PropertyValueSpecification\",\"valueRequired\":true,\"valueName\":\"search_term_string\"}}],\"inLanguage\":\"fr-FR\"},{\"@type\":\"Organization\",\"@id\":\"https:\/\/lesexplorateurscatalans.fr\/#organization\",\"name\":\"Les Explorateurs Catalans\",\"alternateName\":\"LEC\",\"url\":\"https:\/\/lesexplorateurscatalans.fr\/\",\"logo\":{\"@type\":\"ImageObject\",\"inLanguage\":\"fr-FR\",\"@id\":\"https:\/\/lesexplorateurscatalans.fr\/#\/schema\/logo\/image\/\",\"url\":\"https:\/\/lesexplorateurscatalans.fr\/wp-content\/uploads\/2024\/04\/DALL_E-2024-02-19-13.15-removebg-preview.png\",\"contentUrl\":\"https:\/\/lesexplorateurscatalans.fr\/wp-content\/uploads\/2024\/04\/DALL_E-2024-02-19-13.15-removebg-preview.png\",\"width\":500,\"height\":500,\"caption\":\"Les Explorateurs Catalans\"},\"image\":{\"@id\":\"https:\/\/lesexplorateurscatalans.fr\/#\/schema\/logo\/image\/\"},\"sameAs\":[\"https:\/\/www.facebook.com\/lesexplorateurscatalans\",\"https:\/\/www.relive.cc\/profile\/niko660\"]}]}<\/script>\n<!-- \/ Yoast SEO plugin. -->","yoast_head_json":{"title":"Boutique - Les Explorateurs Catalans","description":"D\u00e9couvrez la boutique en ligne des Explorateurs Catalans, offrant une vari\u00e9t\u00e9 d'\u00e9quipements d'aventure et de marchandises inspir\u00e9es par les voyages. Explorez notre s\u00e9lection de produits de haute qualit\u00e9 en partenariat avec Tunetoo, parfaits pour votre prochaine aventure. Achetez d\u00e8s maintenant des articles uniques qui alimentent votre soif de d\u00e9couverte.","robots":{"index":"index","follow":"follow","max-snippet":"max-snippet:-1","max-image-preview":"max-image-preview:large","max-video-preview":"max-video-preview:-1"},"canonical":"https:\/\/lesexplorateurscatalans.fr\/index.php\/boutique\/","og_locale":"fr_FR","og_type":"article","og_title":"Boutique - Les Explorateurs Catalans","og_description":"D\u00e9couvrez la boutique en ligne des Explorateurs Catalans, offrant une vari\u00e9t\u00e9 d'\u00e9quipements d'aventure et de marchandises inspir\u00e9es par les voyages. Explorez notre s\u00e9lection de produits de haute qualit\u00e9 en partenariat avec Tunetoo, parfaits pour votre prochaine aventure. Achetez d\u00e8s maintenant des articles uniques qui alimentent votre soif de d\u00e9couverte.","og_url":"https:\/\/lesexplorateurscatalans.fr\/index.php\/boutique\/","og_site_name":"Les Explorateurs Catalans","article_publisher":"https:\/\/www.facebook.com\/lesexplorateurscatalans","article_modified_time":"2024-06-11T03:56:33+00:00","og_image":[{"width":500,"height":500,"url":"https:\/\/lesexplorateurscatalans.fr\/wp-content\/uploads\/2024\/05\/DALL_E-2024-02-19-13.15-removebg-preview.png","type":"image\/png"}],"twitter_card":"summary_large_image","twitter_misc":{"Dur\u00e9e de lecture estim\u00e9e":"1 minute"},"schema":{"@context":"https:\/\/schema.org","@graph":[{"@type":"WebPage","@id":"https:\/\/lesexplorateurscatalans.fr\/index.php\/boutique\/","url":"https:\/\/lesexplorateurscatalans.fr\/index.php\/boutique\/","name":"Boutique - Les Explorateurs Catalans","isPartOf":{"@id":"https:\/\/lesexplorateurscatalans.fr\/#website"},"primaryImageOfPage":{"@id":"https:\/\/lesexplorateurscatalans.fr\/index.php\/boutique\/#primaryimage"},"image":{"@id":"https:\/\/lesexplorateurscatalans.fr\/index.php\/boutique\/#primaryimage"},"thumbnailUrl":"https:\/\/lesexplorateurscatalans.fr\/wp-content\/uploads\/2024\/05\/DALL_E-2024-02-19-13.15-removebg-preview.png","datePublished":"2024-04-28T17:12:05+00:00","dateModified":"2024-06-11T03:56:33+00:00","description":"D\u00e9couvrez la boutique en ligne des Explorateurs Catalans, offrant une vari\u00e9t\u00e9 d'\u00e9quipements d'aventure et de marchandises inspir\u00e9es par les voyages. Explorez notre s\u00e9lection de produits de haute qualit\u00e9 en partenariat avec Tunetoo, parfaits pour votre prochaine aventure. Achetez d\u00e8s maintenant des articles uniques qui alimentent votre soif de d\u00e9couverte.","breadcrumb":{"@id":"https:\/\/lesexplorateurscatalans.fr\/index.php\/boutique\/#breadcrumb"},"inLanguage":"fr-FR","potentialAction":[{"@type":"ReadAction","target":["https:\/\/lesexplorateurscatalans.fr\/index.php\/boutique\/"]}]},{"@type":"ImageObject","inLanguage":"fr-FR","@id":"https:\/\/lesexplorateurscatalans.fr\/index.php\/boutique\/#primaryimage","url":"https:\/\/lesexplorateurscatalans.fr\/wp-content\/uploads\/2024\/05\/DALL_E-2024-02-19-13.15-removebg-preview.png","contentUrl":"https:\/\/lesexplorateurscatalans.fr\/wp-content\/uploads\/2024\/05\/DALL_E-2024-02-19-13.15-removebg-preview.png","width":500,"height":500},{"@type":"BreadcrumbList","@id":"https:\/\/lesexplorateurscatalans.fr\/index.php\/boutique\/#breadcrumb","itemListElement":[{"@type":"ListItem","position":1,"name":"Accueil","item":"https:\/\/lesexplorateurscatalans.fr\/"},{"@type":"ListItem","position":2,"name":"Boutique"}]},{"@type":"WebSite","@id":"https:\/\/lesexplorateurscatalans.fr\/#website","url":"https:\/\/lesexplorateurscatalans.fr\/","name":"Les Explorateurs Catalans","description":"Les Explorateurs Catalans : Votre boussole pour l&#039;aventure.","publisher":{"@id":"https:\/\/lesexplorateurscatalans.fr\/#organization"},"alternateName":"LEC","potentialAction":[{"@type":"SearchAction","target":{"@type":"EntryPoint","urlTemplate":"https:\/\/lesexplorateurscatalans.fr\/?s={search_term_string}"},"query-input":{"@type":"PropertyValueSpecification","valueRequired":true,"valueName":"search_term_string"}}],"inLanguage":"fr-FR"},{"@type":"Organization","@id":"https:\/\/lesexplorateurscatalans.fr\/#organization","name":"Les Explorateurs Catalans","alternateName":"LEC","url":"https:\/\/lesexplorateurscatalans.fr\/","logo":{"@type":"ImageObject","inLanguage":"fr-FR","@id":"https:\/\/lesexplorateurscatalans.fr\/#\/schema\/logo\/image\/","url":"https:\/\/lesexplorateurscatalans.fr\/wp-content\/uploads\/2024\/04\/DALL_E-2024-02-19-13.15-removebg-preview.png","contentUrl":"https:\/\/lesexplorateurscatalans.fr\/wp-content\/uploads\/2024\/04\/DALL_E-2024-02-19-13.15-removebg-preview.png","width":500,"height":500,"caption":"Les Explorateurs Catalans"},"image":{"@id":"https:\/\/lesexplorateurscatalans.fr\/#\/schema\/logo\/image\/"},"sameAs":["https:\/\/www.facebook.com\/lesexplorateurscatalans","https:\/\/www.relive.cc\/profile\/niko660"]}]}},"amp_enabled":true,"_links":{"self":[{"href":"https:\/\/lesexplorateurscatalans.fr\/index.php\/wp-json\/wp\/v2\/pages\/160","targetHints":{"allow":["GET"]}}],"collection":[{"href":"https:\/\/lesexplorateurscatalans.fr\/index.php\/wp-json\/wp\/v2\/pages"}],"about":[{"href":"https:\/\/lesexplorateurscatalans.fr\/index.php\/wp-json\/wp\/v2\/types\/page"}],"author":[{"embeddable":true,"href":"https:\/\/lesexplorateurscatalans.fr\/index.php\/wp-json\/wp\/v2\/users\/1"}],"replies":[{"embeddable":true,"href":"https:\/\/lesexplorateurscatalans.fr\/index.php\/wp-json\/wp\/v2\/comments?post=160"}],"version-history":[{"count":1,"href":"https:\/\/lesexplorateurscatalans.fr\/index.php\/wp-json\/wp\/v2\/pages\/160\/revisions"}],"predecessor-version":[{"id":161,"href":"https:\/\/lesexplorateurscatalans.fr\/index.php\/wp-json\/wp\/v2\/pages\/160\/revisions\/161"}],"wp:featuredmedia":[{"embeddable":true,"href":"https:\/\/lesexplorateurscatalans.fr\/index.php\/wp-json\/wp\/v2\/media\/457"}],"wp:attachment":[{"href":"https:\/\/lesexplorateurscatalans.fr\/index.php\/wp-json\/wp\/v2\/media?parent=160"}],"curies":[{"name":"wp","href":"https:\/\/api.w.org\/{rel}","templated":true}]}}